{"id":47,"date":"2020-03-06T17:09:29","date_gmt":"2020-03-06T22:09:29","guid":{"rendered":"http:\/\/cicalo.ca\/?page_id=47"},"modified":"2026-01-12T04:40:35","modified_gmt":"2026-01-12T09:40:35","slug":"homepage-french","status":"publish","type":"page","link":"https:\/\/cicalo.ca\/","title":{"rendered":"Bienvenue \u00e0 la Clinique Cicalo"},"content":{"rendered":"\n<div class=\"wp-block-cover\"><img loading=\"lazy\" decoding=\"async\" width=\"1024\" height=\"678\" class=\"wp-block-cover__image-background wp-image-104\" alt=\"\" src=\"http:\/\/cicalo.ca\/wp-content\/uploads\/2020\/03\/background-1-1024x678.jpg\" style=\"object-position:100% 50%\" data-object-fit=\"cover\" data-object-position=\"100% 50%\" srcset=\"https:\/\/cicalo.ca\/wp-content\/uploads\/2020\/03\/background-1-1024x678.jpg 1024w, https:\/\/cicalo.ca\/wp-content\/uploads\/2020\/03\/background-1-300x199.jpg 300w, https:\/\/cicalo.ca\/wp-content\/uploads\/2020\/03\/background-1-768x509.jpg 768w, https:\/\/cicalo.ca\/wp-content\/uploads\/2020\/03\/background-1-1536x1017.jpg 1536w, https:\/\/cicalo.ca\/wp-content\/uploads\/2020\/03\/background-1-2048x1356.jpg 2048w\" sizes=\"auto, (max-width: 1024px) 100vw, 1024px\" \/><span aria-hidden=\"true\" class=\"wp-block-cover__background has-background-dim\"><\/span><div class=\"wp-block-cover__inner-container is-layout-flow wp-block-cover-is-layout-flow\">\n<p class=\"has-text-align-left has-medium-font-size\"><\/p>\n\n\n\n<p class=\"has-medium-font-size\">Dr Michelle Cicalo, psychiatre, ne pratique plus au Qu\u00e9bec.<br><\/p>\n\n\n\n<p class=\"has-medium-font-size\">Pour toute question de besoins urgentes, svp contacter le 811 option 2 ou dirigez-vous<br>directement \u00e0 la salle d\u2019urgence la plus proche.<br><\/p>\n\n\n\n<p class=\"has-medium-font-size\"><strong>Demandes de dossiers<br><\/strong>Pour les patients qui ont \u00e9t\u00e9 retourn\u00e9s aux soins de leur m\u00e9decin de famille, les notes<br>cliniques pertinentes de votre dossier en psychiatrie ont d\u00e9j\u00e0 \u00e9t\u00e9 transf\u00e9r\u00e9e.<br>Pour les patients qui sont en attente de transfert \u00e0 un(e) autre psychiatre, votre dossier<br>complet sera transf\u00e9r\u00e9 au plus tard le vendredi 16 janvier 2026 si pas d\u00e9j\u00e0 re\u00e7u par<br>votre nouvelle clinique.<\/p>\n\n\n\n<p class=\"has-medium-font-size\"><br><strong>A. Demandes en date d\u2019ici au 23 janvier 2026 inclusivement<br><\/strong>Les demandes de dossier peuvent \u00eatre fax\u00e9es au 438-804-4618<span style=\"text-decoration: underline;\"> jusqu\u2019au vendredi, 23<br>janvier 2026 inclusivement<\/span>. Pri\u00e8re de signer et dater votre demande, et de sp\u00e9cifier si le<br>dossier devra \u00eatre fax\u00e9 \u00e0 un autre m\u00e9decin ou vers\u00e9 au portail web en pdf pour le<br>patient. <span style=\"text-decoration: underline;\">Ces demandes seront trait\u00e9es rapidement et sans frais<\/span>.<\/p>\n\n\n\n<p class=\"has-medium-font-size\"><strong>B. \u00c0 partir du 24 janvier 2026<\/strong><br>\u00c0 partir du 24 janvier, 2026, toute demande de dossier devra \u00eatre dirig\u00e9e au Coll\u00e8ge<br>des m\u00e9decins du Qu\u00e9bec. Vous pouvez consulter <a href=\"https:\/\/www.cmq.org\/fr\/proteger-le-public\/demander-acces-a-un-document\/acces-dossier-medical-cmq\" target=\"_blank\" rel=\"noreferrer noopener\">le site web du CMQ<\/a> pour de plus<br>amples renseignements.<\/p>\n<\/div><\/div>\n\n\n\n<p><\/p>\n","protected":false},"excerpt":{"rendered":"","protected":false},"author":1,"featured_media":0,"parent":0,"menu_order":0,"comment_status":"closed","ping_status":"closed","template":"","meta":{"footnotes":""},"class_list":["post-47","page","type-page","status-publish","hentry"],"_links":{"self":[{"href":"https:\/\/cicalo.ca\/index.php?rest_route=\/wp\/v2\/pages\/47","targetHints":{"allow":["GET"]}}],"collection":[{"href":"https:\/\/cicalo.ca\/index.php?rest_route=\/wp\/v2\/pages"}],"about":[{"href":"https:\/\/cicalo.ca\/index.php?rest_route=\/wp\/v2\/types\/page"}],"author":[{"embeddable":true,"href":"https:\/\/cicalo.ca\/index.php?rest_route=\/wp\/v2\/users\/1"}],"replies":[{"embeddable":true,"href":"https:\/\/cicalo.ca\/index.php?rest_route=%2Fwp%2Fv2%2Fcomments&post=47"}],"version-history":[{"count":42,"href":"https:\/\/cicalo.ca\/index.php?rest_route=\/wp\/v2\/pages\/47\/revisions"}],"predecessor-version":[{"id":350,"href":"https:\/\/cicalo.ca\/index.php?rest_route=\/wp\/v2\/pages\/47\/revisions\/350"}],"wp:attachment":[{"href":"https:\/\/cicalo.ca\/index.php?rest_route=%2Fwp%2Fv2%2Fmedia&parent=47"}],"curies":[{"name":"wp","href":"https:\/\/api.w.org\/{rel}","templated":true}]}}